{"id":90,"date":"2020-12-29T18:10:40","date_gmt":"2020-12-29T21:10:40","guid":{"rendered":"http:\/\/projetos.luazevedopro.com\/lojavirtual\/?page_id=90"},"modified":"2021-01-20T08:22:47","modified_gmt":"2021-01-20T11:22:47","slug":"home","status":"publish","type":"page","link":"https:\/\/projetos.luazevedopro.com\/lojavirtual\/","title":{"rendered":"Home"},"content":{"rendered":"\t\t<div data-elementor-type=\"wp-page\" data-elementor-id=\"90\" class=\"elementor elementor-90\">\n\t\t\t\t\t\t<section class=\"elementor-section elementor-top-section elementor-element elementor-element-1599fc2 elementor-section-full_width elementor-section-height-min-height elementor-section-stretched elementor-section-height-default elementor-section-items-middle\" data-id=\"1599fc2\" data-element_type=\"section\" data-settings=\"{&quot;stretch_section&quot;:&quot;section-stretched&quot;}\">\n\t\t\t\t\t\t<div class=\"elementor-container elementor-column-gap-no\">\n\t\t\t\t\t<div class=\"elementor-column elementor-col-100 elementor-top-column elementor-element elementor-element-9c3882a\" data-id=\"9c3882a\" data-element_type=\"column\">\n\t\t\t<div class=\"elementor-widget-wrap elementor-element-populated\">\n\t\t\t\t\t\t<div class=\"elementor-element elementor-element-3febc4f elementor-widget elementor-widget-slides\" data-id=\"3febc4f\" data-element_type=\"widget\" data-widget_type=\"slides.default\">\n\t\t\t\t<div class=\"elementor-widget-container\">\n\t\t\t\t\t \t\t\t\t<\/div>\n\t\t\t\t<\/div>\n\t\t\t\t\t<\/div>\n\t\t<\/div>\n\t\t\t\t\t<\/div>\n\t\t<\/section>\n\t\t\t\t<section class=\"elementor-section elementor-top-section elementor-element elementor-element-917b666 elementor-section-boxed elementor-section-height-default elementor-section-height-default\" data-id=\"917b666\" data-element_type=\"section\">\n\t\t\t\t\t\t<div class=\"elementor-container elementor-column-gap-default\">\n\t\t\t\t\t<div class=\"elementor-column elementor-col-100 elementor-top-column elementor-element elementor-element-b212e2d\" data-id=\"b212e2d\" data-element_type=\"column\">\n\t\t\t<div class=\"elementor-widget-wrap elementor-element-populated\">\n\t\t\t\t\t\t<section class=\"elementor-section elementor-inner-section elementor-element elementor-element-6ce566f elementor-section-content-middle elementor-section-boxed elementor-section-height-default elementor-section-height-default\" data-id=\"6ce566f\" data-element_type=\"section\">\n\t\t\t\t\t\t<div class=\"elementor-container elementor-column-gap-default\">\n\t\t\t\t\t<div class=\"elementor-column elementor-col-33 elementor-inner-column elementor-element elementor-element-7b49978\" data-id=\"7b49978\" data-element_type=\"column\">\n\t\t\t<div class=\"elementor-widget-wrap elementor-element-populated\">\n\t\t\t\t\t\t<div class=\"elementor-element elementor-element-3faed44 elementor-invisible elementor-widget elementor-widget-heading\" data-id=\"3faed44\" data-element_type=\"widget\" data-settings=\"{&quot;_animation&quot;:&quot;fadeInLeft&quot;}\" data-widget_type=\"heading.default\">\n\t\t\t\t<div class=\"elementor-widget-container\">\n\t\t\t\t\t<h1 class=\"elementor-heading-title elementor-size-default\">Olha oque preparamos para voc\u00ea!<\/h1>\t\t\t\t<\/div>\n\t\t\t\t<\/div>\n\t\t\t\t\t<\/div>\n\t\t<\/div>\n\t\t\t\t<div class=\"elementor-column elementor-col-33 elementor-inner-column elementor-element elementor-element-6450039 elementor-invisible\" data-id=\"6450039\" data-element_type=\"column\" data-settings=\"{&quot;animation&quot;:&quot;fadeInRight&quot;}\">\n\t\t\t<div class=\"elementor-widget-wrap elementor-element-populated\">\n\t\t\t\t\t\t<div class=\"elementor-element elementor-element-fdc85e4 elementor-invisible elementor-widget elementor-widget-heading\" data-id=\"fdc85e4\" data-element_type=\"widget\" data-settings=\"{&quot;_animation&quot;:&quot;pulse&quot;}\" data-widget_type=\"heading.default\">\n\t\t\t\t<div class=\"elementor-widget-container\">\n\t\t\t\t\t<h2 class=\"elementor-heading-title elementor-size-default\"><a href=\"http:\/\/projetos.luazevedopro.com\/lojavirtual\/loja\/\">CONFIRA TODOS OS PRODUTOS<\/a><\/h2>\t\t\t\t<\/div>\n\t\t\t\t<\/div>\n\t\t\t\t\t<\/div>\n\t\t<\/div>\n\t\t\t\t<div class=\"elementor-column elementor-col-33 elementor-inner-column elementor-element elementor-element-fc8c580 elementor-invisible\" data-id=\"fc8c580\" data-element_type=\"column\" data-settings=\"{&quot;background_background&quot;:&quot;classic&quot;,&quot;animation&quot;:&quot;fadeInRight&quot;}\">\n\t\t\t<div class=\"elementor-widget-wrap elementor-element-populated\">\n\t\t\t\t\t\t<div class=\"elementor-element elementor-element-ae276ec elementor-view-default elementor-widget elementor-widget-icon\" data-id=\"ae276ec\" data-element_type=\"widget\" data-widget_type=\"icon.default\">\n\t\t\t\t<div class=\"elementor-widget-container\">\n\t\t\t\t\t\t\t<div class=\"elementor-icon-wrapper\">\n\t\t\t<div class=\"elementor-icon\">\n\t\t\t<svg xmlns=\"http:\/\/www.w3.org\/2000\/svg\" xmlns:xlink=\"http:\/\/www.w3.org\/1999\/xlink\" xmlns:svgjs=\"http:\/\/svgjs.com\/svgjs\" width=\"512\" height=\"512\" x=\"0\" y=\"0\" viewBox=\"0 0 476.213 476.213\" style=\"enable-background:new 0 0 512 512\" xml:space=\"preserve\"><g><polygon xmlns=\"http:\/\/www.w3.org\/2000\/svg\" points=\"476.213,238.105 400,161.893 400,223.106 0,223.106 0,253.106 400,253.106 400,314.32 \" fill=\"#2e3464\" data-original=\"#000000\" style=\"\"><\/polygon><g xmlns=\"http:\/\/www.w3.org\/2000\/svg\"><\/g><g xmlns=\"http:\/\/www.w3.org\/2000\/svg\"><\/g><g xmlns=\"http:\/\/www.w3.org\/2000\/svg\"><\/g><g xmlns=\"http:\/\/www.w3.org\/2000\/svg\"><\/g><g xmlns=\"http:\/\/www.w3.org\/2000\/svg\"><\/g><g xmlns=\"http:\/\/www.w3.org\/2000\/svg\"><\/g><g xmlns=\"http:\/\/www.w3.org\/2000\/svg\"><\/g><g xmlns=\"http:\/\/www.w3.org\/2000\/svg\"><\/g><g xmlns=\"http:\/\/www.w3.org\/2000\/svg\"><\/g><g xmlns=\"http:\/\/www.w3.org\/2000\/svg\"><\/g><g xmlns=\"http:\/\/www.w3.org\/2000\/svg\"><\/g><g xmlns=\"http:\/\/www.w3.org\/2000\/svg\"><\/g><g xmlns=\"http:\/\/www.w3.org\/2000\/svg\"><\/g><g xmlns=\"http:\/\/www.w3.org\/2000\/svg\"><\/g><g xmlns=\"http:\/\/www.w3.org\/2000\/svg\"><\/g><\/g><\/svg>\t\t\t<\/div>\n\t\t<\/div>\n\t\t\t\t\t\t<\/div>\n\t\t\t\t<\/div>\n\t\t\t\t\t<\/div>\n\t\t<\/div>\n\t\t\t\t\t<\/div>\n\t\t<\/section>\n\t\t\t\t\t<\/div>\n\t\t<\/div>\n\t\t\t\t\t<\/div>\n\t\t<\/section>\n\t\t\t\t<section class=\"elementor-section elementor-top-section elementor-element elementor-element-6911bb5 elementor-section-boxed elementor-section-height-default elementor-section-height-default\" data-id=\"6911bb5\" data-element_type=\"section\" data-settings=\"{&quot;background_background&quot;:&quot;classic&quot;}\">\n\t\t\t\t\t\t<div class=\"elementor-container elementor-column-gap-default\">\n\t\t\t\t\t<div class=\"elementor-column elementor-col-50 elementor-top-column elementor-element elementor-element-c9dcccc elementor-invisible\" data-id=\"c9dcccc\" data-element_type=\"column\" data-settings=\"{&quot;animation&quot;:&quot;fadeInLeft&quot;}\">\n\t\t\t<div class=\"elementor-widget-wrap elementor-element-populated\">\n\t\t\t\t\t\t<div class=\"elementor-element elementor-element-4b62c76 elementor-widget elementor-widget-image\" data-id=\"4b62c76\" data-element_type=\"widget\" data-widget_type=\"image.default\">\n\t\t\t\t<div class=\"elementor-widget-container\">\n\t\t\t\t\t\t\t\t\t\t\t\t\t\t\t<img fetchpriority=\"high\" decoding=\"async\" width=\"500\" height=\"442\" src=\"https:\/\/projetos.luazevedopro.com\/lojavirtual\/wp-content\/uploads\/2021\/01\/Forma-So-na-Tecnet-homem-sem-fundo.png\" class=\"attachment-full size-full wp-image-262\" alt=\"Lu Azevedo Web Design TecNet\" srcset=\"https:\/\/projetos.luazevedopro.com\/lojavirtual\/wp-content\/uploads\/2021\/01\/Forma-So-na-Tecnet-homem-sem-fundo.png 500w, https:\/\/projetos.luazevedopro.com\/lojavirtual\/wp-content\/uploads\/2021\/01\/Forma-So-na-Tecnet-homem-sem-fundo-64x57.png 64w, https:\/\/projetos.luazevedopro.com\/lojavirtual\/wp-content\/uploads\/2021\/01\/Forma-So-na-Tecnet-homem-sem-fundo-300x265.png 300w\" sizes=\"(max-width: 500px) 100vw, 500px\" \/>\t\t\t\t\t\t\t\t\t\t\t\t\t\t\t<\/div>\n\t\t\t\t<\/div>\n\t\t\t\t\t<\/div>\n\t\t<\/div>\n\t\t\t\t<div class=\"elementor-column elementor-col-50 elementor-top-column elementor-element elementor-element-5a2ec4a elementor-invisible\" data-id=\"5a2ec4a\" data-element_type=\"column\" data-settings=\"{&quot;animation&quot;:&quot;fadeInRight&quot;}\">\n\t\t\t<div class=\"elementor-widget-wrap elementor-element-populated\">\n\t\t\t\t\t\t<div class=\"elementor-element elementor-element-787cc58 elementor-widget elementor-widget-image\" data-id=\"787cc58\" data-element_type=\"widget\" data-widget_type=\"image.default\">\n\t\t\t\t<div class=\"elementor-widget-container\">\n\t\t\t\t\t\t\t\t\t\t\t\t\t\t\t<img decoding=\"async\" width=\"280\" height=\"84\" src=\"https:\/\/projetos.luazevedopro.com\/lojavirtual\/wp-content\/uploads\/2021\/01\/tem-no-wetec.png\" class=\"attachment-full size-full wp-image-267\" alt=\"Lu Azevedo Web Design TecNet\" srcset=\"https:\/\/projetos.luazevedopro.com\/lojavirtual\/wp-content\/uploads\/2021\/01\/tem-no-wetec.png 280w, https:\/\/projetos.luazevedopro.com\/lojavirtual\/wp-content\/uploads\/2021\/01\/tem-no-wetec-64x19.png 64w\" sizes=\"(max-width: 280px) 100vw, 280px\" \/>\t\t\t\t\t\t\t\t\t\t\t\t\t\t\t<\/div>\n\t\t\t\t<\/div>\n\t\t\t\t<div class=\"elementor-element elementor-element-1748242 elementor-widget elementor-widget-heading\" data-id=\"1748242\" data-element_type=\"widget\" data-widget_type=\"heading.default\">\n\t\t\t\t<div class=\"elementor-widget-container\">\n\t\t\t\t\t<h1 class=\"elementor-heading-title elementor-size-default\">Dia dos Pais<\/h1>\t\t\t\t<\/div>\n\t\t\t\t<\/div>\n\t\t\t\t<section class=\"elementor-section elementor-inner-section elementor-element elementor-element-2beee2e elementor-section-content-middle elementor-section-boxed elementor-section-height-default elementor-section-height-default\" data-id=\"2beee2e\" data-element_type=\"section\">\n\t\t\t\t\t\t<div class=\"elementor-container elementor-column-gap-default\">\n\t\t\t\t\t<div class=\"elementor-column elementor-col-33 elementor-inner-column elementor-element elementor-element-773e620\" data-id=\"773e620\" data-element_type=\"column\">\n\t\t\t<div class=\"elementor-widget-wrap elementor-element-populated\">\n\t\t\t\t\t\t<div class=\"elementor-element elementor-element-8f6b964 elementor-widget elementor-widget-text-editor\" data-id=\"8f6b964\" data-element_type=\"widget\" data-widget_type=\"text-editor.default\">\n\t\t\t\t<div class=\"elementor-widget-container\">\n\t\t\t\t\t\t\t\t\t<p>com<br \/><span style=\"color: #9ee30d;\"><strong>R$<\/strong><\/span><\/p>\t\t\t\t\t\t\t\t<\/div>\n\t\t\t\t<\/div>\n\t\t\t\t\t<\/div>\n\t\t<\/div>\n\t\t\t\t<div class=\"elementor-column elementor-col-33 elementor-inner-column elementor-element elementor-element-5b2a9a7\" data-id=\"5b2a9a7\" data-element_type=\"column\">\n\t\t\t<div class=\"elementor-widget-wrap elementor-element-populated\">\n\t\t\t\t\t\t<div class=\"elementor-element elementor-element-1ad6600 elementor-widget elementor-widget-heading\" data-id=\"1ad6600\" data-element_type=\"widget\" data-widget_type=\"heading.default\">\n\t\t\t\t<div class=\"elementor-widget-container\">\n\t\t\t\t\t<h2 class=\"elementor-heading-title elementor-size-default\">40<\/h2>\t\t\t\t<\/div>\n\t\t\t\t<\/div>\n\t\t\t\t\t<\/div>\n\t\t<\/div>\n\t\t\t\t<div class=\"elementor-column elementor-col-33 elementor-inner-column elementor-element elementor-element-4550bad\" data-id=\"4550bad\" data-element_type=\"column\">\n\t\t\t<div class=\"elementor-widget-wrap elementor-element-populated\">\n\t\t\t\t\t\t<div class=\"elementor-element elementor-element-47417ee elementor-widget elementor-widget-text-editor\" data-id=\"47417ee\" data-element_type=\"widget\" data-widget_type=\"text-editor.default\">\n\t\t\t\t<div class=\"elementor-widget-container\">\n\t\t\t\t\t\t\t\t\t<p>de desconto nas<br \/>compras acima<br \/>de <strong>R$ 300,00<\/strong><\/p>\t\t\t\t\t\t\t\t<\/div>\n\t\t\t\t<\/div>\n\t\t\t\t\t<\/div>\n\t\t<\/div>\n\t\t\t\t\t<\/div>\n\t\t<\/section>\n\t\t\t\t<section class=\"elementor-section elementor-inner-section elementor-element elementor-element-7119714 elementor-section-content-middle elementor-section-boxed elementor-section-height-default elementor-section-height-default\" data-id=\"7119714\" data-element_type=\"section\">\n\t\t\t\t\t\t<div class=\"elementor-container elementor-column-gap-default\">\n\t\t\t\t\t<div class=\"elementor-column elementor-col-33 elementor-inner-column elementor-element elementor-element-44d8985\" data-id=\"44d8985\" data-element_type=\"column\">\n\t\t\t<div class=\"elementor-widget-wrap elementor-element-populated\">\n\t\t\t\t\t\t<div class=\"elementor-element elementor-element-fff4714 elementor-view-default elementor-widget elementor-widget-icon\" data-id=\"fff4714\" data-element_type=\"widget\" data-widget_type=\"icon.default\">\n\t\t\t\t<div class=\"elementor-widget-container\">\n\t\t\t\t\t\t\t<div class=\"elementor-icon-wrapper\">\n\t\t\t<div class=\"elementor-icon\">\n\t\t\t<svg xmlns=\"http:\/\/www.w3.org\/2000\/svg\" xmlns:xlink=\"http:\/\/www.w3.org\/1999\/xlink\" xmlns:svgjs=\"http:\/\/svgjs.com\/svgjs\" width=\"512\" height=\"512\" x=\"0\" y=\"0\" viewBox=\"0 0 512 512\" style=\"enable-background:new 0 0 512 512\" xml:space=\"preserve\"><g><g xmlns=\"http:\/\/www.w3.org\/2000\/svg\" id=\"Outline_42_\" fill=\"#233d91\"><path d=\"m489.5 113.5h-449.5v46h-40v72h7.5c26.191 0 47.5 21.309 47.5 47.5s-21.309 47.5-47.5 47.5h-7.5v72h449.5c12.407 0 22.5-10.094 22.5-22.5v-23.5h17.5c12.407 0 22.5-10.094 22.5-22.5v-194c0-12.406-10.093-22.5-22.5-22.5zm-32.5 262.5c0 4.136-3.364 7.5-7.5 7.5h-250.5v-66.5h-15v66.5h-169v-42.447c30.941-3.716 55-30.127 55-62.053s-24.059-58.337-55-62.053v-42.447h169v67.5h15v-67.5h250.5c4.136 0 7.5 3.364 7.5 7.5zm40-46c0 4.136-3.364 7.5-7.5 7.5h-17.5v-155.5c0-12.406-10.093-22.5-22.5-22.5h-394.5v-31h434.5c4.136 0 7.5 3.364 7.5 7.5z\" fill=\"#9ee30d\" data-original=\"#233d91\" style=\"\"><\/path><path d=\"m184 287h15v15h-15z\" fill=\"#9ee30d\" data-original=\"#233d91\" style=\"\"><\/path><path d=\"m184 257h15v15h-15z\" fill=\"#9ee30d\" data-original=\"#233d91\" style=\"\"><\/path><path d=\"m250.579 272h163.342v15h-163.342z\" transform=\"matrix(.707 -.707 .707 .707 -100.323 316.8)\" fill=\"#9ee30d\" data-original=\"#233d91\" style=\"\"><\/path><path d=\"m323.5 233.5c0-17.921-14.58-32.5-32.5-32.5s-32.5 14.579-32.5 32.5 14.58 32.5 32.5 32.5 32.5-14.579 32.5-32.5zm-50 0c0-9.649 7.851-17.5 17.5-17.5s17.5 7.851 17.5 17.5-7.851 17.5-17.5 17.5-17.5-7.851-17.5-17.5z\" fill=\"#9ee30d\" data-original=\"#233d91\" style=\"\"><\/path><path d=\"m381 292c-17.92 0-32.5 14.579-32.5 32.5s14.58 32.5 32.5 32.5 32.5-14.579 32.5-32.5-14.58-32.5-32.5-32.5zm0 50c-9.649 0-17.5-7.851-17.5-17.5s7.851-17.5 17.5-17.5 17.5 7.851 17.5 17.5-7.851 17.5-17.5 17.5z\" fill=\"#9ee30d\" data-original=\"#233d91\" style=\"\"><\/path><path d=\"m96.5 220.5h51v15h-51z\" fill=\"#9ee30d\" data-original=\"#233d91\" style=\"\"><\/path><path d=\"m96.5 254.5h51v15h-51z\" fill=\"#9ee30d\" data-original=\"#233d91\" style=\"\"><\/path><path d=\"m96.5 288.5h51v15h-51z\" fill=\"#9ee30d\" data-original=\"#233d91\" style=\"\"><\/path><path d=\"m96.5 322.5h51v15h-51z\" fill=\"#9ee30d\" data-original=\"#233d91\" style=\"\"><\/path><\/g><\/g><\/svg>\t\t\t<\/div>\n\t\t<\/div>\n\t\t\t\t\t\t<\/div>\n\t\t\t\t<\/div>\n\t\t\t\t\t<\/div>\n\t\t<\/div>\n\t\t\t\t<div class=\"elementor-column elementor-col-33 elementor-inner-column elementor-element elementor-element-2c758e0\" data-id=\"2c758e0\" data-element_type=\"column\">\n\t\t\t<div class=\"elementor-widget-wrap elementor-element-populated\">\n\t\t\t\t\t\t<div class=\"elementor-element elementor-element-e24567b elementor-widget elementor-widget-heading\" data-id=\"e24567b\" data-element_type=\"widget\" data-widget_type=\"heading.default\">\n\t\t\t\t<div class=\"elementor-widget-container\">\n\t\t\t\t\t<h2 class=\"elementor-heading-title elementor-size-default\">UTILIZE O CUPOM:<\/h2>\t\t\t\t<\/div>\n\t\t\t\t<\/div>\n\t\t\t\t\t<\/div>\n\t\t<\/div>\n\t\t\t\t<div class=\"elementor-column elementor-col-33 elementor-inner-column elementor-element elementor-element-592a700\" data-id=\"592a700\" data-element_type=\"column\">\n\t\t\t<div class=\"elementor-widget-wrap elementor-element-populated\">\n\t\t\t\t\t\t<div class=\"elementor-element elementor-element-c4dc45c elementor-widget elementor-widget-heading\" data-id=\"c4dc45c\" data-element_type=\"widget\" data-widget_type=\"heading.default\">\n\t\t\t\t<div class=\"elementor-widget-container\">\n\t\t\t\t\t<h2 class=\"elementor-heading-title elementor-size-default\">PAPI40<\/h2>\t\t\t\t<\/div>\n\t\t\t\t<\/div>\n\t\t\t\t\t<\/div>\n\t\t<\/div>\n\t\t\t\t\t<\/div>\n\t\t<\/section>\n\t\t\t\t\t<\/div>\n\t\t<\/div>\n\t\t\t\t\t<\/div>\n\t\t<\/section>\n\t\t\t\t<section class=\"elementor-section elementor-top-section elementor-element elementor-element-e1adc9c elementor-section-boxed elementor-section-height-default elementor-section-height-default\" data-id=\"e1adc9c\" data-element_type=\"section\" id=\"oferta\">\n\t\t\t\t\t\t<div class=\"elementor-container elementor-column-gap-default\">\n\t\t\t\t\t<div class=\"elementor-column elementor-col-100 elementor-top-column elementor-element elementor-element-6d3c521\" data-id=\"6d3c521\" data-element_type=\"column\">\n\t\t\t<div class=\"elementor-widget-wrap elementor-element-populated\">\n\t\t\t\t\t\t<div class=\"elementor-element elementor-element-43d0d3c elementor-invisible elementor-widget elementor-widget-heading\" data-id=\"43d0d3c\" data-element_type=\"widget\" data-settings=\"{&quot;_animation&quot;:&quot;fadeInLeft&quot;}\" data-widget_type=\"heading.default\">\n\t\t\t\t<div class=\"elementor-widget-container\">\n\t\t\t\t\t<h1 class=\"elementor-heading-title elementor-size-default\">Ofertas da semana<\/h1>\t\t\t\t<\/div>\n\t\t\t\t<\/div>\n\t\t\t\t\t<\/div>\n\t\t<\/div>\n\t\t\t\t\t<\/div>\n\t\t<\/section>\n\t\t\t\t<section class=\"elementor-section elementor-top-section elementor-element elementor-element-f054299 elementor-section-boxed elementor-section-height-default elementor-section-height-default\" data-id=\"f054299\" data-element_type=\"section\" id=\"lancamentos\">\n\t\t\t\t\t\t<div class=\"elementor-container elementor-column-gap-default\">\n\t\t\t\t\t<div class=\"elementor-column elementor-col-100 elementor-top-column elementor-element elementor-element-c2223bd\" data-id=\"c2223bd\" data-element_type=\"column\">\n\t\t\t<div class=\"elementor-widget-wrap elementor-element-populated\">\n\t\t\t\t\t\t<div class=\"elementor-element elementor-element-b335cb0 elementor-invisible elementor-widget elementor-widget-heading\" data-id=\"b335cb0\" data-element_type=\"widget\" data-settings=\"{&quot;_animation&quot;:&quot;fadeInLeft&quot;}\" data-widget_type=\"heading.default\">\n\t\t\t\t<div class=\"elementor-widget-container\">\n\t\t\t\t\t<h1 class=\"elementor-heading-title elementor-size-default\">Lan\u00e7amentos<\/h1>\t\t\t\t<\/div>\n\t\t\t\t<\/div>\n\t\t\t\t\t<\/div>\n\t\t<\/div>\n\t\t\t\t\t<\/div>\n\t\t<\/section>\n\t\t\t\t<\/div>\n\t\t","protected":false},"excerpt":{"rendered":"<p>Previous Next Olha oque preparamos para voc\u00ea! CONFIRA TODOS OS PRODUTOS SANSUMG GALAXY S21 MONITORES CADEIRAS C\u00c2MERAS V\u00cdDEO GAMES APPLE WATCH iPHONES Dia dos Pais comR$ 40 de desconto nascompras acimade R$ 300,00 UTILIZE O CUPOM: PAPI40 Ofertas da semana Oferta Add aos favoritos Ver meus favoritos Rel\u00f3gio Apple Watch Serie 6 GPS 40MM Space [&hellip;]<\/p>\n","protected":false},"author":1,"featured_media":0,"parent":0,"menu_order":0,"comment_status":"closed","ping_status":"closed","template":"elementor_header_footer","meta":{"site-sidebar-layout":"no-sidebar","site-content-layout":"page-builder","ast-site-content-layout":"default","site-content-style":"default","site-sidebar-style":"default","ast-global-header-display":"","ast-banner-title-visibility":"","ast-main-header-display":"","ast-hfb-above-header-display":"","ast-hfb-below-header-display":"","ast-hfb-mobile-header-display":"","site-post-title":"disabled","ast-breadcrumbs-content":"","ast-featured-img":"disabled","footer-sml-layout":"","theme-transparent-header-meta":"default","adv-header-id-meta":"","stick-header-meta":"","header-above-stick-meta":"","header-main-stick-meta":"","header-below-stick-meta":"","astra-migrate-meta-layouts":"default","ast-page-background-enabled":"default","ast-page-background-meta":{"desktop":{"background-color":"","background-image":"","background-repeat":"repeat","background-position":"center center","background-size":"auto","background-attachment":"scroll","background-type":"","background-media":"","overlay-type":"","overlay-color":"","overlay-opacity":"","overlay-gradient":""},"tablet":{"background-color":"","background-image":"","background-repeat":"repeat","background-position":"center center","background-size":"auto","background-attachment":"scroll","background-type":"","background-media":"","overlay-type":"","overlay-color":"","overlay-opacity":"","overlay-gradient":""},"mobile":{"background-color":"","background-image":"","background-repeat":"repeat","background-position":"center center","background-size":"auto","background-attachment":"scroll","background-type":"","background-media":"","overlay-type":"","overlay-color":"","overlay-opacity":"","overlay-gradient":""}},"ast-content-background-meta":{"desktop":{"background-color":"var(--ast-global-color-5)","background-image":"","background-repeat":"repeat","background-position":"center center","background-size":"auto","background-attachment":"scroll","background-type":"","background-media":"","overlay-type":"","overlay-color":"","overlay-opacity":"","overlay-gradient":""},"tablet":{"background-color":"var(--ast-global-color-5)","background-image":"","background-repeat":"repeat","background-position":"center center","background-size":"auto","background-attachment":"scroll","background-type":"","background-media":"","overlay-type":"","overlay-color":"","overlay-opacity":"","overlay-gradient":""},"mobile":{"background-color":"var(--ast-global-color-5)","background-image":"","background-repeat":"repeat","background-position":"center center","background-size":"auto","background-attachment":"scroll","background-type":"","background-media":"","overlay-type":"","overlay-color":"","overlay-opacity":"","overlay-gradient":""}},"footnotes":""},"class_list":["post-90","page","type-page","status-publish","hentry"],"publishpress_future_action":{"enabled":false,"date":"2026-04-23 12:12:40","action":"change-status","newStatus":"draft","terms":[],"taxonomy":""},"publishpress_future_workflow_manual_trigger":{"enabledWorkflows":[]},"_links":{"self":[{"href":"https:\/\/projetos.luazevedopro.com\/lojavirtual\/wp-json\/wp\/v2\/pages\/90","targetHints":{"allow":["GET"]}}],"collection":[{"href":"https:\/\/projetos.luazevedopro.com\/lojavirtual\/wp-json\/wp\/v2\/pages"}],"about":[{"href":"https:\/\/projetos.luazevedopro.com\/lojavirtual\/wp-json\/wp\/v2\/types\/page"}],"author":[{"embeddable":true,"href":"https:\/\/projetos.luazevedopro.com\/lojavirtual\/wp-json\/wp\/v2\/users\/1"}],"replies":[{"embeddable":true,"href":"https:\/\/projetos.luazevedopro.com\/lojavirtual\/wp-json\/wp\/v2\/comments?post=90"}],"version-history":[{"count":184,"href":"https:\/\/projetos.luazevedopro.com\/lojavirtual\/wp-json\/wp\/v2\/pages\/90\/revisions"}],"predecessor-version":[{"id":424,"href":"https:\/\/projetos.luazevedopro.com\/lojavirtual\/wp-json\/wp\/v2\/pages\/90\/revisions\/424"}],"wp:attachment":[{"href":"https:\/\/projetos.luazevedopro.com\/lojavirtual\/wp-json\/wp\/v2\/media?parent=90"}],"curies":[{"name":"wp","href":"https:\/\/api.w.org\/{rel}","templated":true}]}}