{"id":20,"date":"2020-12-29T15:49:04","date_gmt":"2020-12-29T18:49:04","guid":{"rendered":"http:\/\/projetos.luazevedopro.com\/lojavirtual\/?post_type=product&#038;p=20"},"modified":"2021-01-20T15:07:58","modified_gmt":"2021-01-20T18:07:58","slug":"iphone-12-pro-max-azul-pacifico-com-tela-de-67-5g-128-gb-e-camera-tripla-de-12mp-mgda3bz-a","status":"publish","type":"product","link":"https:\/\/projetos.luazevedopro.com\/lojavirtual\/produto\/iphone-12-pro-max-azul-pacifico-com-tela-de-67-5g-128-gb-e-camera-tripla-de-12mp-mgda3bz-a\/","title":{"rendered":"iPhone 12 Pro Max Azul Pac\u00edfico, com Tela de 6,7&#8243;, 5G, 128 GB e C\u00e2mera Tripla de 12MP &#8211; MGDA3BZ\/A"},"content":{"rendered":"<h2 class=\"description__product-title\">iPhone 12 Pro Max Azul Pac\u00edfico, com Tela de 6,7\u201d, 5G, 128 GB e C\u00e2mera Tripla de 12MP &#8211; MGDA3BZ\/A &#8211; Apple<\/h2>\n<p>Caracter\u00edsticas Sistema Operacional iOS 14 Tela Tamanho: 6,7&#8243; Material: Super Retina XDR &#8211; OLED sem bordas Resolu\u00e7\u00e3o: 2778 x 1284 pixels a 458 ppp Conectividade 4G\/5G Wi-Fi EDGE Bluetooth Capacidade 128 GB * * Parte da mem\u00f3ria interna j\u00e1 \u00e9 utilizada pelo sistema operacional e aplicativos pr\u00e9-instalados Processador A14 Bionic C\u00e2mera Traseira Tripla 12MP Ultra-angular + Grande-angular + Teleobjetiva Ultra-angular: abertura \u0192\/2.4 e campo de vis\u00e3o de 120\u00b0 Grande-angular: abertura \u0192\/1.6 Teleobjetiva: abertura \u0192\/2.0 Flash True Tone C\u00e2mera Frontal 12 MP Flash Retina Abertura \u0192\/2.2 Filmadora Grava\u00e7\u00e3o de v\u00eddeo HDR com Dolby Vision at\u00e9 60 qps, 4K a 24 qps, 30 qps ou 60 qps, HD de 1080p a 30 qps ou 60 qps, HD de 720p a 30 qps Outros Recursos Dual Chip Tipo de Chip: eSIM e nano SIM (n\u00e3o incluso) GPS MP3 WAP Recursos de Som: Alto-falante est\u00e9reo Idiomas do Menu: Alem\u00e3o, \u00e1rabe, catal\u00e3o, chin\u00eas (simplificado, tradicional, tradicional de Hong Kong), coreano, croata, dinamarqu\u00eas, eslovaco, espanhol (Am\u00e9rica Latina, Espanha, M\u00e9xico), finland\u00eas, franc\u00eas (Canad\u00e1, Fran\u00e7a), grego, hebraico, hindi, holand\u00eas, h\u00fangaro, indon\u00e9sio, ingl\u00eas (Austr\u00e1lia, EUA, Reino Unido), italiano, japon\u00eas, malaio, noruegu\u00eas, polon\u00eas, portugu\u00eas (Brasil, Portugal), romeno, russo, sueco, tailand\u00eas, tcheco, turco, ucraniano, vietnamita Bateria Tipo de Bateria: Interna recarreg\u00e1vel de \u00edon de l\u00edtio Cor Azul Pac\u00edfico EAN 194252021958 Especifica\u00e7\u00f5es T\u00e9cnicas Modelo: MGDA3BZ\/A Garantia: 12 meses Dimens\u00f5es e Peso Dimens\u00f5es do produto sem embalagem (AxLxP): 289,3x222x216,5 mm Dimens\u00f5es do produto com embalagem (AxLxP): 295x179x96,18 mm Peso do produto sem embalagem: 0,216 kg Peso do produto com embalagem: 0,420 kg Itens Inclusos 01 iPhone 12 Pro Max 01 Cabo de USB-C para Lightning Documenta\u00e7\u00e3o.<\/p>\n<p>&nbsp;<\/p>\n","protected":false},"excerpt":{"rendered":"<p><strong>Velozes e poderosos<\/strong><\/p>\n<p>Com chip A14 Bionic, o mais r\u00e1pido em um smartphone, e sistema de c\u00e2mera Pro, que deixa as fotos em pouca luz claramente melhores \u2014 uma diferen\u00e7a ainda mais n\u00edtida no <strong>iPhone 12 Pro Max<\/strong>.<\/p>\n<p><strong>Refinamos o design at\u00e9 ficar redondo.<\/strong><\/p>\n<p>A tela Super Retina XDR vai literalmente de ponta a ponta. A frente \u00e9 em Ceramic Shield, que \u00e9 quatro vezes mais resistente a quedas.<\/p>\n","protected":false},"featured_media":21,"comment_status":"open","ping_status":"closed","template":"","meta":{"site-sidebar-layout":"default","site-content-layout":"default","ast-site-content-layout":"default","site-content-style":"default","site-sidebar-style":"default","ast-global-header-display":"","ast-banner-title-visibility":"","ast-main-header-display":"","ast-hfb-above-header-display":"","ast-hfb-below-header-display":"","ast-hfb-mobile-header-display":"","site-post-title":"","ast-breadcrumbs-content":"","ast-featured-img":"","footer-sml-layout":"","theme-transparent-header-meta":"default","adv-header-id-meta":"","stick-header-meta":"","header-above-stick-meta":"","header-main-stick-meta":"","header-below-stick-meta":"","astra-migrate-meta-layouts":"default","ast-page-background-enabled":"default","ast-page-background-meta":{"desktop":{"background-color":"","background-image":"","background-repeat":"repeat","background-position":"center center","background-size":"auto","background-attachment":"scroll","background-type":"","background-media":"","overlay-type":"","overlay-color":"","overlay-opacity":"","overlay-gradient":""},"tablet":{"background-color":"","background-image":"","background-repeat":"repeat","background-position":"center center","background-size":"auto","background-attachment":"scroll","background-type":"","background-media":"","overlay-type":"","overlay-color":"","overlay-opacity":"","overlay-gradient":""},"mobile":{"background-color":"","background-image":"","background-repeat":"repeat","background-position":"center center","background-size":"auto","background-attachment":"scroll","background-type":"","background-media":"","overlay-type":"","overlay-color":"","overlay-opacity":"","overlay-gradient":""}},"ast-content-background-meta":{"desktop":{"background-color":"var(--ast-global-color-5)","background-image":"","background-repeat":"repeat","background-position":"center center","background-size":"auto","background-attachment":"scroll","background-type":"","background-media":"","overlay-type":"","overlay-color":"","overlay-opacity":"","overlay-gradient":""},"tablet":{"background-color":"var(--ast-global-color-5)","background-image":"","background-repeat":"repeat","background-position":"center center","background-size":"auto","background-attachment":"scroll","background-type":"","background-media":"","overlay-type":"","overlay-color":"","overlay-opacity":"","overlay-gradient":""},"mobile":{"background-color":"var(--ast-global-color-5)","background-image":"","background-repeat":"repeat","background-position":"center center","background-size":"auto","background-attachment":"scroll","background-type":"","background-media":"","overlay-type":"","overlay-color":"","overlay-opacity":"","overlay-gradient":""}}},"product_brand":[],"product_cat":[23,16],"product_tag":[],"class_list":{"0":"post-20","1":"product","2":"type-product","3":"status-publish","4":"has-post-thumbnail","6":"product_cat-iphone","7":"product_cat-telefones","8":"desktop-align-left","9":"tablet-align-left","10":"mobile-align-left","12":"first","13":"instock","14":"sale","15":"shipping-taxable","16":"purchasable","17":"product-type-simple"},"publishpress_future_workflow_manual_trigger":{"enabledWorkflows":[]},"_links":{"self":[{"href":"https:\/\/projetos.luazevedopro.com\/lojavirtual\/wp-json\/wp\/v2\/product\/20","targetHints":{"allow":["GET"]}}],"collection":[{"href":"https:\/\/projetos.luazevedopro.com\/lojavirtual\/wp-json\/wp\/v2\/product"}],"about":[{"href":"https:\/\/projetos.luazevedopro.com\/lojavirtual\/wp-json\/wp\/v2\/types\/product"}],"replies":[{"embeddable":true,"href":"https:\/\/projetos.luazevedopro.com\/lojavirtual\/wp-json\/wp\/v2\/comments?post=20"}],"wp:featuredmedia":[{"embeddable":true,"href":"https:\/\/projetos.luazevedopro.com\/lojavirtual\/wp-json\/wp\/v2\/media\/21"}],"wp:attachment":[{"href":"https:\/\/projetos.luazevedopro.com\/lojavirtual\/wp-json\/wp\/v2\/media?parent=20"}],"wp:term":[{"taxonomy":"product_brand","embeddable":true,"href":"https:\/\/projetos.luazevedopro.com\/lojavirtual\/wp-json\/wp\/v2\/product_brand?post=20"},{"taxonomy":"product_cat","embeddable":true,"href":"https:\/\/projetos.luazevedopro.com\/lojavirtual\/wp-json\/wp\/v2\/product_cat?post=20"},{"taxonomy":"product_tag","embeddable":true,"href":"https:\/\/projetos.luazevedopro.com\/lojavirtual\/wp-json\/wp\/v2\/product_tag?post=20"}],"curies":[{"name":"wp","href":"https:\/\/api.w.org\/{rel}","templated":true}]}}