{"id":30,"date":"2020-12-29T16:08:06","date_gmt":"2020-12-29T19:08:06","guid":{"rendered":"http:\/\/projetos.luazevedopro.com\/lojavirtual\/?post_type=product&#038;p=30"},"modified":"2021-01-20T15:15:26","modified_gmt":"2021-01-20T18:15:26","slug":"samsung-galaxy-s20-ultra-cosmic-gray-tela-de-69-4g-128gb-e-camera-de-108mp-12mp-48mp-tof-sm-g988bza3zto","status":"publish","type":"product","link":"https:\/\/projetos.luazevedopro.com\/lojavirtual\/produto\/samsung-galaxy-s20-ultra-cosmic-gray-tela-de-69-4g-128gb-e-camera-de-108mp-12mp-48mp-tof-sm-g988bza3zto\/","title":{"rendered":"Samsung Galaxy S20 Ultra Cosmic Gray, Tela de 6,9&#8221;, 4G, 128GB e C\u00e2mera de 108MP + 12MP + 48MP + ToF &#8211; SM-G988BZA3ZTO"},"content":{"rendered":"<h2 class=\"description__product-title\">Samsung Galaxy S20 Ultra Cosmic Gray, Tela de 6,9 , 4G, 128GB e C\u00e2mera de 108MP + 12MP + 48MP + ToF &#8211; SM-G988BZA3ZTO<\/h2>\n<p>Caracter\u00edsticas Sistema Operacional Android 10.0 Tela Tamanho: 6.9&#8243; Material: AMOLED Din\u00e2mico 2x Tela infinita Resolu\u00e7\u00e3o: 3040 x 1440 (Quad HD+) Vidro Refor\u00e7ado Conectividade 4G Wi-Fi Bluetooth 5.0 NFC USB: 3.2 USB Conector: Tipo C Capacidade 128 * Extens\u00e3o para Cart\u00f5es de Mem\u00f3ria: at\u00e9 1TB Tipo de cart\u00e3o de mem\u00f3ria: Micro SD (n\u00e3o incluso) * Parte da mem\u00f3ria interna j\u00e1 \u00e9 utilizada pelo sistema operacional e aplicativos pr\u00e9-instalados Processador Octa-Core Velocidade do Processador: 2.73GHz Mem\u00f3ria RAM 12GB C\u00e2mera Traseira 108MP OIS + 12MP (Ultra Wide) + 48MP (Telephoto) + ToF (Scanner 3D) Resolu\u00e7\u00e3o de v\u00eddeo: UHD 8K (7680 x 4320) @24fps Flash LED Abertura: F1.8 + F2.2 + F3.5 Foco Autom\u00e1tico Zoom: Digital at\u00e9 100x e \u00d3ptico 10x C\u00e2mera Frontal 40MP Abertura: F2.2 Flash na tela Outros Recursos Dual Chip (Dual Chip + eSIM) Tipo de Chip: Nano SIM (4FF) (n\u00e3o incluso) GPS MP3 Recursos de Som (formatos suportados): MP3,M4A,3GA,AAC,OGG,OGA,WAV,WMA,AMR,AWB,FLAC,MID,MIDI,XMF,MXMF,IMY,RTTTL,RTX,OTA,DFF,DSF,APE Recursos de V\u00eddeo (formatos suportados): MP4,M4V,3GP,3G2,WMV,ASF,AVI,FLV,MKV,WEBM Resolu\u00e7\u00e3o de reprodu\u00e7\u00e3o: UHD 8K (7680 x 4320) @30fps Resolu\u00e7\u00e3o de grava\u00e7\u00e3o: UHD 8K (7680 x 4320) @24fps Formato suportado de Streaming: 3GP,MP4, MP3 Alerta Vibrat\u00f3rio Banda: 2G: GSM 850MHz, GSM 900MHz, GSM 1800 MHz, GSM 1900 MHz\/ 3G: B1(2100), B2(1900), B3(1800), B5(850), B8(900)\/ 4G: B1(2100),B2(1900),B3(1800),B4(AWS),B5(850),B7(2600),B8(900),B12(700),B13(700),B17(700),B18(800),B19(800),B20(800),B25(1900),B26(850),B28(700),B32(1500),B66(AWS-3) Viva-voz Idiomas do Menu IP68 Leitor de Digital Ultrass\u00f4nico PowerShare Bateria Tipo de Bateria: Ions de L\u00edtio Capacidade: 5000 mAh Carregamento R\u00e1pido: Ultra r\u00e1pido de 45W Cor Cosmic Gray EAN 7892509114011 Especifica\u00e7\u00f5es T\u00e9cnicas Modelo: SM-G988BZA3ZTO Garantia: 12 meses Dimens\u00f5es e Peso Dimens\u00f5es do produto sem embalagem (AxLxP): 166,9 x 76 x 8,8 mm Dimens\u00f5es do produto com embalagem (AxLxP): 184,9 x 93,4 x 67 mm Peso do produto sem embalagem: 0,45 kg Peso do produto com embalagem: 0,22 kg Itens Inclusos 01 Smartphone 01 Capa protetora 01 Carregador 01 Cabo USB 01 Fone de Ouvido 01 Extrator de CHIP 01 Manual do usu\u00e1rio<\/p>\n","protected":false},"excerpt":{"rendered":"<h2 class=\"section__title\">Esse \u00e9 o smartphone que mudar\u00e1 a hist\u00f3ria da fotografia<\/h2>\n<p><span style=\"font-size: 16px;\">Conhe\u00e7a os Galaxy S20, o S20+ e o S20 Ultra. Eles contam com o revolucion\u00e1rio 8K Video Snap, que muda a forma como voc\u00ea grava v\u00eddeos e tira fotos. Com a seguran\u00e7a do Samsung Knox, uma bateria inteligente, um processador poderoso e um espa\u00e7o de armazenamento enorme, os 3 modelos do Galaxy S20 revelam um novo mundo para os smartphones.<\/span><\/p>\n","protected":false},"featured_media":31,"comment_status":"open","ping_status":"closed","template":"","meta":{"site-sidebar-layout":"default","site-content-layout":"default","ast-site-content-layout":"default","site-content-style":"default","site-sidebar-style":"default","ast-global-header-display":"","ast-banner-title-visibility":"","ast-main-header-display":"","ast-hfb-above-header-display":"","ast-hfb-below-header-display":"","ast-hfb-mobile-header-display":"","site-post-title":"","ast-breadcrumbs-content":"","ast-featured-img":"","footer-sml-layout":"","theme-transparent-header-meta":"default","adv-header-id-meta":"","stick-header-meta":"","header-above-stick-meta":"","header-main-stick-meta":"","header-below-stick-meta":"","astra-migrate-meta-layouts":"default","ast-page-background-enabled":"default","ast-page-background-meta":{"desktop":{"background-color":"","background-image":"","background-repeat":"repeat","background-position":"center center","background-size":"auto","background-attachment":"scroll","background-type":"","background-media":"","overlay-type":"","overlay-color":"","overlay-opacity":"","overlay-gradient":""},"tablet":{"background-color":"","background-image":"","background-repeat":"repeat","background-position":"center center","background-size":"auto","background-attachment":"scroll","background-type":"","background-media":"","overlay-type":"","overlay-color":"","overlay-opacity":"","overlay-gradient":""},"mobile":{"background-color":"","background-image":"","background-repeat":"repeat","background-position":"center center","background-size":"auto","background-attachment":"scroll","background-type":"","background-media":"","overlay-type":"","overlay-color":"","overlay-opacity":"","overlay-gradient":""}},"ast-content-background-meta":{"desktop":{"background-color":"var(--ast-global-color-5)","background-image":"","background-repeat":"repeat","background-position":"center center","background-size":"auto","background-attachment":"scroll","background-type":"","background-media":"","overlay-type":"","overlay-color":"","overlay-opacity":"","overlay-gradient":""},"tablet":{"background-color":"var(--ast-global-color-5)","background-image":"","background-repeat":"repeat","background-position":"center center","background-size":"auto","background-attachment":"scroll","background-type":"","background-media":"","overlay-type":"","overlay-color":"","overlay-opacity":"","overlay-gradient":""},"mobile":{"background-color":"var(--ast-global-color-5)","background-image":"","background-repeat":"repeat","background-position":"center center","background-size":"auto","background-attachment":"scroll","background-type":"","background-media":"","overlay-type":"","overlay-color":"","overlay-opacity":"","overlay-gradient":""}}},"product_brand":[],"product_cat":[25,16],"product_tag":[],"class_list":{"0":"post-30","1":"product","2":"type-product","3":"status-publish","4":"has-post-thumbnail","6":"product_cat-celulares","7":"product_cat-telefones","8":"desktop-align-left","9":"tablet-align-left","10":"mobile-align-left","12":"first","13":"instock","14":"sale","15":"shipping-taxable","16":"purchasable","17":"product-type-simple"},"publishpress_future_workflow_manual_trigger":{"enabledWorkflows":[]},"_links":{"self":[{"href":"https:\/\/projetos.luazevedopro.com\/lojavirtual\/wp-json\/wp\/v2\/product\/30","targetHints":{"allow":["GET"]}}],"collection":[{"href":"https:\/\/projetos.luazevedopro.com\/lojavirtual\/wp-json\/wp\/v2\/product"}],"about":[{"href":"https:\/\/projetos.luazevedopro.com\/lojavirtual\/wp-json\/wp\/v2\/types\/product"}],"replies":[{"embeddable":true,"href":"https:\/\/projetos.luazevedopro.com\/lojavirtual\/wp-json\/wp\/v2\/comments?post=30"}],"wp:featuredmedia":[{"embeddable":true,"href":"https:\/\/projetos.luazevedopro.com\/lojavirtual\/wp-json\/wp\/v2\/media\/31"}],"wp:attachment":[{"href":"https:\/\/projetos.luazevedopro.com\/lojavirtual\/wp-json\/wp\/v2\/media?parent=30"}],"wp:term":[{"taxonomy":"product_brand","embeddable":true,"href":"https:\/\/projetos.luazevedopro.com\/lojavirtual\/wp-json\/wp\/v2\/product_brand?post=30"},{"taxonomy":"product_cat","embeddable":true,"href":"https:\/\/projetos.luazevedopro.com\/lojavirtual\/wp-json\/wp\/v2\/product_cat?post=30"},{"taxonomy":"product_tag","embeddable":true,"href":"https:\/\/projetos.luazevedopro.com\/lojavirtual\/wp-json\/wp\/v2\/product_tag?post=30"}],"curies":[{"name":"wp","href":"https:\/\/api.w.org\/{rel}","templated":true}]}}