{"id":39,"date":"2020-12-29T16:21:50","date_gmt":"2020-12-29T19:21:50","guid":{"rendered":"http:\/\/projetos.luazevedopro.com\/lojavirtual\/?post_type=product&#038;p=39"},"modified":"2021-01-20T15:21:42","modified_gmt":"2021-01-20T18:21:42","slug":"monitor-gamer-gamemax-315-preto-led-curvado-144hz-1ms-2-5k-2560x1440pp-gmx32cewqbr","status":"publish","type":"product","link":"https:\/\/projetos.luazevedopro.com\/lojavirtual\/produto\/monitor-gamer-gamemax-315-preto-led-curvado-144hz-1ms-2-5k-2560x1440pp-gmx32cewqbr\/","title":{"rendered":"Monitor Gamer Gamemax 31,5\u201d Preto LED Curvado 144Hz 1Ms 2.5K 2560x1440PP &#8211; GMX32CEWQBR"},"content":{"rendered":"<h2 class=\"description__product-title\">Monitor Gamer Gamemax 31,5\u201d Preto LED Curvado 144Hz 1Ms 2.5K 2560x1440PP &#8211; GMX32CEWQBR<\/h2>\n<p><strong>Monitor Gamemax Gamer Curvado 31,5\u2019\u2019 LED 144Hz 1Ms 2.5K 2560x1440P &#8211; GMX32CEWQBR<\/strong><\/p>\n<p>O monitor de modelo GMX32CEWQ possui tamanho de 31,5&#8243; com tela curva de cor preto no formato 16:9 e com padr\u00e3o de tela VA que apresenta um contraste mais preciso em geral do que outras tecnologias como IPS ou TN, junto a isso o monitor trabalha em resolu\u00e7\u00e3o QUADHD(1440p) 2.5K com taxa de atualiza\u00e7\u00e3o de 144Hz e tempo de resposta de 1ms. Possui tecnologia Freesync nativamente e compatibilidade como modo GSYNC para VGA \u0301s da NVIDIA compat\u00edveis com a s\u00e9rie 1000 ou superior e uso de drivers recentes, utilizando-se destas tecnologias o monitor traz uma suavidade maior ao movimento dentro dos jogos e tamb\u00e9m ajuda evitar efeitos indesejados como tearing e stuttering. Em sua estrutura possui bordas bem finas o que \u00e9 muito \u00fatil para quem utiliza mais de um monitor lado a lado como em casos de cockpits ou at\u00e9 mesmo para quem deseja unir dois ou mais monitores para jogar ou trabalhar com campo de vis\u00e3o maior. Possui suporte para VESA podendo utilizar o monitor preso em algum suporte m\u00f3vel de terceiros ou na parede com uso de suporte fixo(n\u00e3o acompanha o produto). Para quem busca um monitor ideal para resolu\u00e7\u00e3o QuadHD em uma tela grande com qualidade de imagem que um painel VA proporciona e mais outras in\u00fameras especifica\u00e7\u00f5es voltadas para o p\u00fablico gamer este \u00e9 o monitor certo pra voc\u00ea!<\/p>\n<p><strong>Caracter\u00edsticas Monitor Curvo Gamer Gamemax 31,5&#8243; LED 144Hz 1Ms 2.5K 2560x1440P<\/strong><br \/>\n&#8211; Marca: Gamemax<br \/>\n&#8211; Modelo: GMX32CEWQBR<\/p>\n<p><strong>Especifica\u00e7\u00f5es Monitor Gamer Gamemax 31,5&#8243; LED 144Hz<\/strong><\/p>\n<p><strong>Painel de LED (SEC FT VA)<\/strong><br \/>\n&#8211; Tamanho da tela: 31,5\u201dTFT (697.344*392.256mm)<br \/>\n&#8211; Material da tela: Anti-Reflexivo<br \/>\n&#8211; Resolu\u00e7\u00e3o: 2560*1440 Pixels (QuadHD) @144Hz<br \/>\n&#8211; Aspecto de Propo\u00e7\u00e3o: 16:09<br \/>\n&#8211; Pixel Pitch: Faixa vertical RGB<br \/>\n&#8211; Gama de Cores: 72% ou 85% NTSC<br \/>\n&#8211; H Frequ\u00eancia: 30-80Khz<br \/>\n&#8211; V Frequ\u00eancia: 144HZ<br \/>\n&#8211; Quantidade de Cores: 1.07B Cores<br \/>\n&#8211; Brilho: 250cd\/m2 (t\u00edpica)<br \/>\n&#8211; Taxa de Contraste: 3000:1 T\u00edpica<br \/>\n&#8211; Tempo de Resposta: 4ms (T\u00edpica) 1ms (OverDrive)<br \/>\n&#8211; \u00c2ngulo de Vis\u00e3o(H\/V): 178\u00b0\/178\u00b0(CR&gt;10)<br \/>\n&#8211; Curvatura: 1800R<\/p>\n<p><strong>Interface<\/strong><br \/>\n&#8211; DVI: Sim<br \/>\n&#8211; DisplayPort: Sim, DP 1.2a<br \/>\n&#8211; HDMI: Sim, HDMI 2.0 HDCP 2.2<\/p>\n<p><strong>Sa\u00eddas<\/strong><br \/>\n&#8211; Alto Falante: 3Wx2<\/p>\n<p><strong>Energia<\/strong><br \/>\n&#8211; Bivolt: AC 100-240V, 50\/60HZ<br \/>\n&#8211; Consumo: &lt;50W(MAX)<br \/>\n&#8211; Standy By: &lt;0.5W<\/p>\n<p><strong>Menu da Tela<\/strong><br \/>\n&#8211; Multi- Languagem: 11 (Ingl\u00eas, Franc\u00eas, Alem\u00e3o, Italiano, Chin\u00eas, Chines Tradicional, Koreano, Japon\u00eas, Espanhol, Portuguese, Russo )<\/p>\n<p><strong>Caracter\u00edsticas Especiais<\/strong><br \/>\n&#8211; VESA: Sim, 100mm x 100mm<br \/>\n&#8211; Plug&amp;Play: Sim<br \/>\n&#8211; P\u00e9 do Monitor: Met\u00e1lico Preto<br \/>\n&#8211; Flicker Free: Sim<br \/>\n&#8211; FreeSync: Sim<br \/>\n&#8211; Low Blue Filter: Sim<br \/>\n&#8211; Kensington: Sim<\/p>\n<p><strong>Design de Cor<\/strong><br \/>\n&#8211; Acabamento inferior: Preto<br \/>\n&#8211; Acabamento atr\u00e1s da tela: Pl\u00e1stico brilhante preto<\/p>\n<p><strong>Dimens\u00f5es<\/strong><br \/>\n&#8211; Com p\u00e9, LxAxP): 726mm * 504mm * 169mm<br \/>\n&#8211; (Sem p\u00e9, LxAxP): 726mm * 426mm * 83mm:<br \/>\n&#8211; Tamanho da Caixa (LxAxP): 779mm * 170mm * 491mm<\/p>\n<p><strong>Peso<\/strong><br \/>\n&#8211; Peso Monitor Sem P\u00e9: 5,7KG<br \/>\n&#8211; Peso Bruto: 6.02KG<\/p>\n<p><strong>Freesync e Gsync<\/strong><br \/>\nAs duas tecnologias funcionam neste monitor sendo Gsync a partir da vers\u00e3o 417.71 do driver da Nvidia, voc\u00ea que \u00e9 propriet\u00e1rio de uma placa Nvidia da s\u00e9rie 1000 ou superior, poder\u00e1 usufruir deste recurso, foi testado em diversos jogos e funciona muito bem, o aumento da fluidez \u00e9 n\u00edtido.<br \/>\nAs duas tecnologias tem como principal fun\u00e7\u00e3o corrigir o problema entre quadros gerados pela placa de v\u00eddeo e atualiza\u00e7\u00e3o da tela do monitor, gerando suavidade na movimenta\u00e7\u00e3o, auxiliando a evitar quebras de tela (tearing) e stuttering (quando a imagem parece estar enroscando, travando a movimenta\u00e7\u00e3o).<\/p>\n<p><strong>Cuidados com monitor<\/strong><br \/>\nN\u00e3o for\u00e7ar a tela dele em hip\u00f3tese alguma, a tela \u00e9 fr\u00e1gil por ser curvo n\u00e3o suporta muita press\u00e3o, telas grandes e curvas tem que se tratar com muito cuidado, evitar press\u00e3o nas bordas, n\u00e3o apoiar a tela de boca para baixo, n\u00e3o ajustar cabos com a tela deitada, n\u00e3o pressionar a tela com os dedos na hora de acionar o joystick atr\u00e1s, colocar em local que evite esbarrar na tela para n\u00e3o derrubar, ajeite os cabos atr\u00e1s do equipamento para evitar de enroscar quando estiver pessoas andando em volta, sempre evite deixar o monitor nas posi\u00e7\u00f5es deitado sempre que poss\u00edvel deixar na vertical.<\/p>\n<p class=\"description__text\">\n","protected":false},"excerpt":{"rendered":"<h2>MONITOR GAMER GAMEMAX<\/h2>\n<p>O painel de 31,5 polegadas\u00a0oferece visuais impressionantes de todos os \u00e2ngulos, gra\u00e7as a uma curvatura 1800R que garante que todos os pontos sejam equidistantes aos seus olhos. Isso contribui para um maior conforto de visualiza\u00e7\u00e3o e permite que voc\u00ea desfrute de \u00e2ngulos de vis\u00e3o amplos com menos distor\u00e7\u00e3o e mudan\u00e7a de cor, seja em jogos, filmes ou qualquer outra coisa!<\/p>\n","protected":false},"featured_media":40,"comment_status":"open","ping_status":"closed","template":"","meta":{"site-sidebar-layout":"default","site-content-layout":"default","ast-site-content-layout":"default","site-content-style":"default","site-sidebar-style":"default","ast-global-header-display":"","ast-banner-title-visibility":"","ast-main-header-display":"","ast-hfb-above-header-display":"","ast-hfb-below-header-display":"","ast-hfb-mobile-header-display":"","site-post-title":"","ast-breadcrumbs-content":"","ast-featured-img":"","footer-sml-layout":"","theme-transparent-header-meta":"default","adv-header-id-meta":"","stick-header-meta":"","header-above-stick-meta":"","header-main-stick-meta":"","header-below-stick-meta":"","astra-migrate-meta-layouts":"default","ast-page-background-enabled":"default","ast-page-background-meta":{"desktop":{"background-color":"","background-image":"","background-repeat":"repeat","background-position":"center center","background-size":"auto","background-attachment":"scroll","background-type":"","background-media":"","overlay-type":"","overlay-color":"","overlay-opacity":"","overlay-gradient":""},"tablet":{"background-color":"","background-image":"","background-repeat":"repeat","background-position":"center center","background-size":"auto","background-attachment":"scroll","background-type":"","background-media":"","overlay-type":"","overlay-color":"","overlay-opacity":"","overlay-gradient":""},"mobile":{"background-color":"","background-image":"","background-repeat":"repeat","background-position":"center center","background-size":"auto","background-attachment":"scroll","background-type":"","background-media":"","overlay-type":"","overlay-color":"","overlay-opacity":"","overlay-gradient":""}},"ast-content-background-meta":{"desktop":{"background-color":"var(--ast-global-color-5)","background-image":"","background-repeat":"repeat","background-position":"center center","background-size":"auto","background-attachment":"scroll","background-type":"","background-media":"","overlay-type":"","overlay-color":"","overlay-opacity":"","overlay-gradient":""},"tablet":{"background-color":"var(--ast-global-color-5)","background-image":"","background-repeat":"repeat","background-position":"center center","background-size":"auto","background-attachment":"scroll","background-type":"","background-media":"","overlay-type":"","overlay-color":"","overlay-opacity":"","overlay-gradient":""},"mobile":{"background-color":"var(--ast-global-color-5)","background-image":"","background-repeat":"repeat","background-position":"center center","background-size":"auto","background-attachment":"scroll","background-type":"","background-media":"","overlay-type":"","overlay-color":"","overlay-opacity":"","overlay-gradient":""}}},"product_brand":[],"product_cat":[15,22,20,19],"product_tag":[],"class_list":{"0":"post-39","1":"product","2":"type-product","3":"status-publish","4":"has-post-thumbnail","6":"product_cat-tecnet","7":"product_cat-acessorios","8":"product_cat-computadores","9":"product_cat-monitores","10":"desktop-align-left","11":"tablet-align-left","12":"mobile-align-left","14":"first","15":"instock","16":"sale","17":"shipping-taxable","18":"purchasable","19":"product-type-simple"},"publishpress_future_workflow_manual_trigger":{"enabledWorkflows":[]},"_links":{"self":[{"href":"https:\/\/projetos.luazevedopro.com\/lojavirtual\/wp-json\/wp\/v2\/product\/39","targetHints":{"allow":["GET"]}}],"collection":[{"href":"https:\/\/projetos.luazevedopro.com\/lojavirtual\/wp-json\/wp\/v2\/product"}],"about":[{"href":"https:\/\/projetos.luazevedopro.com\/lojavirtual\/wp-json\/wp\/v2\/types\/product"}],"replies":[{"embeddable":true,"href":"https:\/\/projetos.luazevedopro.com\/lojavirtual\/wp-json\/wp\/v2\/comments?post=39"}],"wp:featuredmedia":[{"embeddable":true,"href":"https:\/\/projetos.luazevedopro.com\/lojavirtual\/wp-json\/wp\/v2\/media\/40"}],"wp:attachment":[{"href":"https:\/\/projetos.luazevedopro.com\/lojavirtual\/wp-json\/wp\/v2\/media?parent=39"}],"wp:term":[{"taxonomy":"product_brand","embeddable":true,"href":"https:\/\/projetos.luazevedopro.com\/lojavirtual\/wp-json\/wp\/v2\/product_brand?post=39"},{"taxonomy":"product_cat","embeddable":true,"href":"https:\/\/projetos.luazevedopro.com\/lojavirtual\/wp-json\/wp\/v2\/product_cat?post=39"},{"taxonomy":"product_tag","embeddable":true,"href":"https:\/\/projetos.luazevedopro.com\/lojavirtual\/wp-json\/wp\/v2\/product_tag?post=39"}],"curies":[{"name":"wp","href":"https:\/\/api.w.org\/{rel}","templated":true}]}}