{"id":45,"date":"2020-12-29T16:42:20","date_gmt":"2020-12-29T19:42:20","guid":{"rendered":"http:\/\/projetos.luazevedopro.com\/lojavirtual\/?post_type=product&#038;p=45"},"modified":"2021-01-20T15:37:43","modified_gmt":"2021-01-20T18:37:43","slug":"camera-sony-alpha-a7-iii-mirrorless-com-lente-28-70mm","status":"publish","type":"product","link":"https:\/\/projetos.luazevedopro.com\/lojavirtual\/produto\/camera-sony-alpha-a7-iii-mirrorless-com-lente-28-70mm\/","title":{"rendered":"C\u00e2mera Sony Alpha a7 III Mirrorless com Lente 28-70mm"},"content":{"rendered":"<p><strong>Capture momentos decisivos com a Sony a7 III. Novo sensor CMOS full frame retroiluminado e filmes mais realistas com 4K HDR.<\/strong><\/p>\n<p>Destaques do produto:<\/p>\n<ul>\n<li>Sensor Full-Frame Exmor R BSI CMOS de 24MP<\/li>\n<li>Processador de Imagem BIONZ X e LSI Front-End<\/li>\n<li>Sistema AF de 693 pontos h\u00edbrido<\/li>\n<li>V\u00eddeo UHD 4K30p com Gamers HLG e S-Log3<\/li>\n<li>2.36 m Dot Dot Tru-Finder OLED EVF<\/li>\n<li>LCD Touchscreen de Inclina\u00e7\u00e3o de 922k pontos<\/li>\n<li>Estabiliza\u00e7\u00e3o SteadyShot INSIDE de 5 eixos<\/li>\n<li>ISO 204800 e 10 fps de disparo<\/li>\n<li>Built-In Wi-Fi e NFC, Dual SD Slots<\/li>\n<li>Porta USB tipo C, design com prote\u00e7\u00e3o contra intemp\u00e9ries<\/li>\n<\/ul>\n<p>Principal modelo do line-up de c\u00e2meras full frame da Sony a A7III \u00e9 a c\u00e2mera perfeita para tudo, uma de suas principais vantagens \u00e9 sua versatilidade oferecendo excelente capacidade tanto para foto como para v\u00eddeo oferecendo o melhor combo de fun\u00e7\u00f5es para os profissionais. Dentre suas principais fun\u00e7\u00f5es podemos destacar seu sistema de auto foco com 693 pontos que oferecem o m\u00e1ximo de precis\u00e3o em foco continuo em foto e v\u00eddeo; seu sensor full frame de 24mp oferece o balan\u00e7o ideal entre resolu\u00e7\u00e3o x sensibilidade oferecendo um excelente fluxo de trabalho para quem precisa tirar muitas fotos, mantendo uma excelente qualidade de ISO para n\u00e3o ter problemas de ilumina\u00e7\u00e3o e ru\u00eddos. Outro detalhe importante, essencial para os profissionais de alto desempenho \u00e9 possuir slot de cart\u00e3o duplo para sempre manter seu back-up de seguran\u00e7a, bateria de alta durabilidade para acompanhar todo seu evento.<\/p>\n","protected":false},"excerpt":{"rendered":"<h2 class=\"bloco-3__title\">Sensor Full Frame de 24,2MP EXMOR R BSI CMOS<\/h2>\n<p class=\"bloco-3__paragraph\">A A7III possui um sensor com tecnologia retro iluminada (BSI) que \u00e9 uma constru\u00e7\u00e3o diferenciada de sensor no qual o elemento que capta a luz fica mais pr\u00f3ximo a parte frontal que vemos do sensor, por isso ele oferece uma maior absor\u00e7\u00e3o da mesma. Aliado a outras tecnologias como camadas que evitam reflexos, estrutura de pixels com montagem sem espa\u00e7os entre os mesmos, conex\u00f5es em cobre para transmiss\u00e3o mais r\u00e1pida, dentre outras a c\u00e2mera oferece um excelente desempenho de ISO entre 100-51200 que pode ser expandido entre 50-204800. Sensor oferece igualmente capacidade de grava\u00e7\u00e3o UHD 4K com at\u00e9 15 pontos de alcance din\u00e2mico.<\/p>\n","protected":false},"featured_media":52,"comment_status":"open","ping_status":"closed","template":"","meta":{"site-sidebar-layout":"default","site-content-layout":"default","ast-site-content-layout":"default","site-content-style":"default","site-sidebar-style":"default","ast-global-header-display":"","ast-banner-title-visibility":"","ast-main-header-display":"","ast-hfb-above-header-display":"","ast-hfb-below-header-display":"","ast-hfb-mobile-header-display":"","site-post-title":"","ast-breadcrumbs-content":"","ast-featured-img":"","footer-sml-layout":"","theme-transparent-header-meta":"default","adv-header-id-meta":"","stick-header-meta":"","header-above-stick-meta":"","header-main-stick-meta":"","header-below-stick-meta":"","astra-migrate-meta-layouts":"default","ast-page-background-enabled":"default","ast-page-background-meta":{"desktop":{"background-color":"","background-image":"","background-repeat":"repeat","background-position":"center center","background-size":"auto","background-attachment":"scroll","background-type":"","background-media":"","overlay-type":"","overlay-color":"","overlay-opacity":"","overlay-gradient":""},"tablet":{"background-color":"","background-image":"","background-repeat":"repeat","background-position":"center center","background-size":"auto","background-attachment":"scroll","background-type":"","background-media":"","overlay-type":"","overlay-color":"","overlay-opacity":"","overlay-gradient":""},"mobile":{"background-color":"","background-image":"","background-repeat":"repeat","background-position":"center center","background-size":"auto","background-attachment":"scroll","background-type":"","background-media":"","overlay-type":"","overlay-color":"","overlay-opacity":"","overlay-gradient":""}},"ast-content-background-meta":{"desktop":{"background-color":"var(--ast-global-color-5)","background-image":"","background-repeat":"repeat","background-position":"center center","background-size":"auto","background-attachment":"scroll","background-type":"","background-media":"","overlay-type":"","overlay-color":"","overlay-opacity":"","overlay-gradient":""},"tablet":{"background-color":"var(--ast-global-color-5)","background-image":"","background-repeat":"repeat","background-position":"center center","background-size":"auto","background-attachment":"scroll","background-type":"","background-media":"","overlay-type":"","overlay-color":"","overlay-opacity":"","overlay-gradient":""},"mobile":{"background-color":"var(--ast-global-color-5)","background-image":"","background-repeat":"repeat","background-position":"center center","background-size":"auto","background-attachment":"scroll","background-type":"","background-media":"","overlay-type":"","overlay-color":"","overlay-opacity":"","overlay-gradient":""}}},"product_brand":[],"product_cat":[15,22,17,24],"product_tag":[],"class_list":{"0":"post-45","1":"product","2":"type-product","3":"status-publish","4":"has-post-thumbnail","6":"product_cat-tecnet","7":"product_cat-acessorios","8":"product_cat-eletronicos","9":"product_cat-perifericos","10":"desktop-align-left","11":"tablet-align-left","12":"mobile-align-left","14":"first","15":"instock","16":"sale","17":"shipping-taxable","18":"purchasable","19":"product-type-simple"},"publishpress_future_workflow_manual_trigger":{"enabledWorkflows":[]},"_links":{"self":[{"href":"https:\/\/projetos.luazevedopro.com\/lojavirtual\/wp-json\/wp\/v2\/product\/45","targetHints":{"allow":["GET"]}}],"collection":[{"href":"https:\/\/projetos.luazevedopro.com\/lojavirtual\/wp-json\/wp\/v2\/product"}],"about":[{"href":"https:\/\/projetos.luazevedopro.com\/lojavirtual\/wp-json\/wp\/v2\/types\/product"}],"replies":[{"embeddable":true,"href":"https:\/\/projetos.luazevedopro.com\/lojavirtual\/wp-json\/wp\/v2\/comments?post=45"}],"wp:featuredmedia":[{"embeddable":true,"href":"https:\/\/projetos.luazevedopro.com\/lojavirtual\/wp-json\/wp\/v2\/media\/52"}],"wp:attachment":[{"href":"https:\/\/projetos.luazevedopro.com\/lojavirtual\/wp-json\/wp\/v2\/media?parent=45"}],"wp:term":[{"taxonomy":"product_brand","embeddable":true,"href":"https:\/\/projetos.luazevedopro.com\/lojavirtual\/wp-json\/wp\/v2\/product_brand?post=45"},{"taxonomy":"product_cat","embeddable":true,"href":"https:\/\/projetos.luazevedopro.com\/lojavirtual\/wp-json\/wp\/v2\/product_cat?post=45"},{"taxonomy":"product_tag","embeddable":true,"href":"https:\/\/projetos.luazevedopro.com\/lojavirtual\/wp-json\/wp\/v2\/product_tag?post=45"}],"curies":[{"name":"wp","href":"https:\/\/api.w.org\/{rel}","templated":true}]}}