{"id":53,"date":"2020-12-29T17:03:56","date_gmt":"2020-12-29T20:03:56","guid":{"rendered":"http:\/\/projetos.luazevedopro.com\/lojavirtual\/?post_type=product&#038;p=53"},"modified":"2021-01-20T15:36:10","modified_gmt":"2021-01-20T18:36:10","slug":"cadeira-gamer-mx7-mymax-vermelho-branco","status":"publish","type":"product","link":"https:\/\/projetos.luazevedopro.com\/lojavirtual\/produto\/cadeira-gamer-mx7-mymax-vermelho-branco\/","title":{"rendered":"Cadeira Gamer Mx7, Mymax Vermelho\/ Branco"},"content":{"rendered":"<h1><strong>Descri\u00e7\u00e3o do produto<\/strong><\/h1>\n<p>Cor: Vermelho\/ Branco<\/p>\n<h2 class=\"a-size-base-plus a-text-bold\">Sobre este item<\/h2>\n<ul class=\"a-unordered-list a-vertical a-spacing-mini\">\n<li><span class=\"a-list-item\">Estrutura met\u00e1lica<\/span><\/li>\n<li><span class=\"a-list-item\">Superf\u00edcie de apoio: tecido sint\u00e9tico (PU)<\/span><\/li>\n<li><span class=\"a-list-item\">Encosto regul\u00e1vel<\/span><\/li>\n<li><span class=\"a-list-item\">Peso m\u00e1ximo: 150kg<\/span><\/li>\n<\/ul>\n<p>A Cadeira Gamer MX7 \u00e9 a mais recomendada para gamers, pois necessitam de uma cadeira ergon\u00f4mica e confort\u00e1vel. Escolhida tamb\u00e9m por profissionais que passam muito tempo sentado em frente ao computador. Com design \u00fanico que arremete aos banco dos carros esportivos, \u00e9 destaque no ambiente que for posicionada. Constru\u00edda em materiais premium, superf\u00edcie em couro e estrutura met\u00e1lica garante durabilidade ao produto, al\u00e9m possuir almofadas para manter seu corpo sempre em contato com a cadeira. Com p\u00e9s girat\u00f3rios de 68 cm de d\u00edmetro e com rodinhas, contribuem para estabilidade e praticidade da Cadeira Gamer MX7.<\/p>\n","protected":false},"excerpt":{"rendered":"<p>A <strong>Cadeira Game<\/strong>r \u00e9 um produto indispens\u00e1vel para jogadores de plant\u00e3o que gostam tanto de jogar em consoles, no computador ou at\u00e9 fazer transmiss\u00f5es ao vivo de suas partidas.<\/p>\n<p>A Cadeira Gamer conta com assento confort\u00e1vel e apoio de costas reclin\u00e1vel, para que voc\u00ea fique imerso no games, sem sentir as horas passarem. Al\u00e9m de contar com rodinhas dur\u00e1veis que facilitam a movimenta\u00e7\u00e3o da cadeira, ela foi fabricada com materiais de qualidade que proporcionam seguran\u00e7a e comodidade em um s\u00f3 produto.<\/p>\n<p>Jogue o tempo que quiser sem perder o conforto com a C<strong>adeira Gamer<\/strong><\/p>\n","protected":false},"featured_media":504,"comment_status":"open","ping_status":"closed","template":"","meta":{"site-sidebar-layout":"default","site-content-layout":"default","ast-site-content-layout":"default","site-content-style":"default","site-sidebar-style":"default","ast-global-header-display":"","ast-banner-title-visibility":"","ast-main-header-display":"","ast-hfb-above-header-display":"","ast-hfb-below-header-display":"","ast-hfb-mobile-header-display":"","site-post-title":"","ast-breadcrumbs-content":"","ast-featured-img":"","footer-sml-layout":"","theme-transparent-header-meta":"default","adv-header-id-meta":"","stick-header-meta":"","header-above-stick-meta":"","header-main-stick-meta":"","header-below-stick-meta":"","astra-migrate-meta-layouts":"default","ast-page-background-enabled":"default","ast-page-background-meta":{"desktop":{"background-color":"","background-image":"","background-repeat":"repeat","background-position":"center center","background-size":"auto","background-attachment":"scroll","background-type":"","background-media":"","overlay-type":"","overlay-color":"","overlay-opacity":"","overlay-gradient":""},"tablet":{"background-color":"","background-image":"","background-repeat":"repeat","background-position":"center center","background-size":"auto","background-attachment":"scroll","background-type":"","background-media":"","overlay-type":"","overlay-color":"","overlay-opacity":"","overlay-gradient":""},"mobile":{"background-color":"","background-image":"","background-repeat":"repeat","background-position":"center center","background-size":"auto","background-attachment":"scroll","background-type":"","background-media":"","overlay-type":"","overlay-color":"","overlay-opacity":"","overlay-gradient":""}},"ast-content-background-meta":{"desktop":{"background-color":"var(--ast-global-color-5)","background-image":"","background-repeat":"repeat","background-position":"center center","background-size":"auto","background-attachment":"scroll","background-type":"","background-media":"","overlay-type":"","overlay-color":"","overlay-opacity":"","overlay-gradient":""},"tablet":{"background-color":"var(--ast-global-color-5)","background-image":"","background-repeat":"repeat","background-position":"center center","background-size":"auto","background-attachment":"scroll","background-type":"","background-media":"","overlay-type":"","overlay-color":"","overlay-opacity":"","overlay-gradient":""},"mobile":{"background-color":"var(--ast-global-color-5)","background-image":"","background-repeat":"repeat","background-position":"center center","background-size":"auto","background-attachment":"scroll","background-type":"","background-media":"","overlay-type":"","overlay-color":"","overlay-opacity":"","overlay-gradient":""}}},"product_brand":[],"product_cat":[15,22,21],"product_tag":[],"class_list":{"0":"post-53","1":"product","2":"type-product","3":"status-publish","4":"has-post-thumbnail","6":"product_cat-tecnet","7":"product_cat-acessorios","8":"product_cat-gamer","9":"desktop-align-left","10":"tablet-align-left","11":"mobile-align-left","13":"first","14":"instock","15":"sale","16":"shipping-taxable","17":"purchasable","18":"product-type-simple"},"publishpress_future_workflow_manual_trigger":{"enabledWorkflows":[]},"_links":{"self":[{"href":"https:\/\/projetos.luazevedopro.com\/lojavirtual\/wp-json\/wp\/v2\/product\/53","targetHints":{"allow":["GET"]}}],"collection":[{"href":"https:\/\/projetos.luazevedopro.com\/lojavirtual\/wp-json\/wp\/v2\/product"}],"about":[{"href":"https:\/\/projetos.luazevedopro.com\/lojavirtual\/wp-json\/wp\/v2\/types\/product"}],"replies":[{"embeddable":true,"href":"https:\/\/projetos.luazevedopro.com\/lojavirtual\/wp-json\/wp\/v2\/comments?post=53"}],"wp:featuredmedia":[{"embeddable":true,"href":"https:\/\/projetos.luazevedopro.com\/lojavirtual\/wp-json\/wp\/v2\/media\/504"}],"wp:attachment":[{"href":"https:\/\/projetos.luazevedopro.com\/lojavirtual\/wp-json\/wp\/v2\/media?parent=53"}],"wp:term":[{"taxonomy":"product_brand","embeddable":true,"href":"https:\/\/projetos.luazevedopro.com\/lojavirtual\/wp-json\/wp\/v2\/product_brand?post=53"},{"taxonomy":"product_cat","embeddable":true,"href":"https:\/\/projetos.luazevedopro.com\/lojavirtual\/wp-json\/wp\/v2\/product_cat?post=53"},{"taxonomy":"product_tag","embeddable":true,"href":"https:\/\/projetos.luazevedopro.com\/lojavirtual\/wp-json\/wp\/v2\/product_tag?post=53"}],"curies":[{"name":"wp","href":"https:\/\/api.w.org\/{rel}","templated":true}]}}