{"id":59,"date":"2020-12-29T17:32:14","date_gmt":"2020-12-29T20:32:14","guid":{"rendered":"http:\/\/projetos.luazevedopro.com\/lojavirtual\/?post_type=product&#038;p=59"},"modified":"2021-01-20T15:25:47","modified_gmt":"2021-01-20T18:25:47","slug":"console-xbox-one-x-1tb-4k-microsoft-3-jogos","status":"publish","type":"product","link":"https:\/\/projetos.luazevedopro.com\/lojavirtual\/produto\/console-xbox-one-x-1tb-4k-microsoft-3-jogos\/","title":{"rendered":"Console Xbox One X 1Tb 4K Microsoft + 3 Jogos"},"content":{"rendered":"<h1>Descri\u00e7\u00e3o do Produto:<\/h1>\n<h3 class=\"header__title\"><span style=\"font-size: 16px;\">Xbox One X + 3 Jogos &#8211; Aleat\u00f3rios<\/span><\/h3>\n<div class=\"description__container-text\">\n<p>O console mais poderoso do mundo. Experimente jogos imersivos reais em 4K, 40% mais potente que qualquer outro console. Os jogos ficam melhores no Xbox One X.<br \/>\nProcessamento mais r\u00e1pido, jogabilidade mais suave. O CPU AMD personalizado 8 core possui velocidade de 2,3 GHz proporcionando uma intelig\u00eancia artificial aprimorada, detalhes do mundo real e intera\u00e7\u00f5es mais suaves para seu jogo. OS 12 GB GDDR5 de mem\u00f3ria gr\u00e1fica adicionam velocidade e pot\u00eancia no desempenho do jogo, possibilitando mundos maiores, horizontes mais amplos e tempos de carregamento mais r\u00e1pidos.<br \/>\nDetalhes realista, uma GPU Teraflop 6 possibilita ambientes em 4K e um realismo ainda maior dos personagens, com mais detalhes e anima\u00e7\u00f5es mais suaves. Tempos de carregamento mais r\u00e1pidos, os gr\u00e1ficos de jogos s\u00e3o mais r\u00e1pidos e mais detalhados com largura de banda de mem\u00f3ria de 326 GB\/seg, para manter a fluidez do seu jogo.<br \/>\nCaracter\u00edsticas<br \/>\nModelo Xbox One X<br \/>\nMarca Microsoft<br \/>\nMem\u00f3ria e Armazenamento<br \/>\n8GB Mem\u00f3ria flash<br \/>\n1TB Armazenamento interno HDD<br \/>\n12GB GDDR5 a 326 GB\/s<br \/>\nRecursos de V\u00eddeo<br \/>\n4K Unidade de disco \u00f3tico UHD Blu ray<br \/>\nHDMI 2.0b (externo), 2160p 60Hz, AMD FreeSync<br \/>\nHDR10 Suporte<br \/>\nComponentes de \u00e1udio<br \/>\nDTS 5.1<br \/>\nDOLBY Digital 5.1, TrueHD com Atmos<br \/>\nPCM 2.0, 5.1, 7.1<br \/>\nRecursos sem fio<br \/>\nWi-Fi Dual band wireless com Wi Fi Direct para redes dom\u00e9sticas<br \/>\nIR Blaster Envio e recebimento de sinais<br \/>\nConectividade<br \/>\nPorta de alimenta\u00e7\u00e3o<br \/>\nportas HDMI (1 HDMI 1.4b interno, HDMI 2.0b externo)<br \/>\n3 portas USB 3.0<br \/>\nIR externo<br \/>\nS\/PDIF<br \/>\nPorta Ethernet<\/p>\n<\/div>\n","protected":false},"excerpt":{"rendered":"<h3 class=\"header__title\"><span style=\"font-size: 16px;\">Xbox One X<\/span><\/h3>\n<p>Todos os jogos t\u00eam uma \u00f3tima apar\u00eancia no Xbox One X. Mas alguns t\u00edtulos s\u00e3o otimizados para aproveitar o poder do Xbox One X com resolu\u00e7\u00f5es mais altas, taxas de quadros por segundo mais r\u00e1pidas, texturas aprimoradas e muito mais. Esses jogos s\u00e3o Xbox One X Enhanced.<\/p>\n","protected":false},"featured_media":60,"comment_status":"open","ping_status":"closed","template":"","meta":{"site-sidebar-layout":"default","site-content-layout":"default","ast-site-content-layout":"default","site-content-style":"default","site-sidebar-style":"default","ast-global-header-display":"","ast-banner-title-visibility":"","ast-main-header-display":"","ast-hfb-above-header-display":"","ast-hfb-below-header-display":"","ast-hfb-mobile-header-display":"","site-post-title":"","ast-breadcrumbs-content":"","ast-featured-img":"","footer-sml-layout":"","theme-transparent-header-meta":"default","adv-header-id-meta":"","stick-header-meta":"","header-above-stick-meta":"","header-main-stick-meta":"","header-below-stick-meta":"","astra-migrate-meta-layouts":"default","ast-page-background-enabled":"default","ast-page-background-meta":{"desktop":{"background-color":"","background-image":"","background-repeat":"repeat","background-position":"center center","background-size":"auto","background-attachment":"scroll","background-type":"","background-media":"","overlay-type":"","overlay-color":"","overlay-opacity":"","overlay-gradient":""},"tablet":{"background-color":"","background-image":"","background-repeat":"repeat","background-position":"center center","background-size":"auto","background-attachment":"scroll","background-type":"","background-media":"","overlay-type":"","overlay-color":"","overlay-opacity":"","overlay-gradient":""},"mobile":{"background-color":"","background-image":"","background-repeat":"repeat","background-position":"center center","background-size":"auto","background-attachment":"scroll","background-type":"","background-media":"","overlay-type":"","overlay-color":"","overlay-opacity":"","overlay-gradient":""}},"ast-content-background-meta":{"desktop":{"background-color":"var(--ast-global-color-5)","background-image":"","background-repeat":"repeat","background-position":"center center","background-size":"auto","background-attachment":"scroll","background-type":"","background-media":"","overlay-type":"","overlay-color":"","overlay-opacity":"","overlay-gradient":""},"tablet":{"background-color":"var(--ast-global-color-5)","background-image":"","background-repeat":"repeat","background-position":"center center","background-size":"auto","background-attachment":"scroll","background-type":"","background-media":"","overlay-type":"","overlay-color":"","overlay-opacity":"","overlay-gradient":""},"mobile":{"background-color":"var(--ast-global-color-5)","background-image":"","background-repeat":"repeat","background-position":"center center","background-size":"auto","background-attachment":"scroll","background-type":"","background-media":"","overlay-type":"","overlay-color":"","overlay-opacity":"","overlay-gradient":""}}},"product_brand":[],"product_cat":[15,22,20,17,21],"product_tag":[],"class_list":{"0":"post-59","1":"product","2":"type-product","3":"status-publish","4":"has-post-thumbnail","6":"product_cat-tecnet","7":"product_cat-acessorios","8":"product_cat-computadores","9":"product_cat-eletronicos","10":"product_cat-gamer","11":"desktop-align-left","12":"tablet-align-left","13":"mobile-align-left","15":"first","16":"instock","17":"sale","18":"shipping-taxable","19":"purchasable","20":"product-type-simple"},"publishpress_future_workflow_manual_trigger":{"enabledWorkflows":[]},"_links":{"self":[{"href":"https:\/\/projetos.luazevedopro.com\/lojavirtual\/wp-json\/wp\/v2\/product\/59","targetHints":{"allow":["GET"]}}],"collection":[{"href":"https:\/\/projetos.luazevedopro.com\/lojavirtual\/wp-json\/wp\/v2\/product"}],"about":[{"href":"https:\/\/projetos.luazevedopro.com\/lojavirtual\/wp-json\/wp\/v2\/types\/product"}],"replies":[{"embeddable":true,"href":"https:\/\/projetos.luazevedopro.com\/lojavirtual\/wp-json\/wp\/v2\/comments?post=59"}],"wp:featuredmedia":[{"embeddable":true,"href":"https:\/\/projetos.luazevedopro.com\/lojavirtual\/wp-json\/wp\/v2\/media\/60"}],"wp:attachment":[{"href":"https:\/\/projetos.luazevedopro.com\/lojavirtual\/wp-json\/wp\/v2\/media?parent=59"}],"wp:term":[{"taxonomy":"product_brand","embeddable":true,"href":"https:\/\/projetos.luazevedopro.com\/lojavirtual\/wp-json\/wp\/v2\/product_brand?post=59"},{"taxonomy":"product_cat","embeddable":true,"href":"https:\/\/projetos.luazevedopro.com\/lojavirtual\/wp-json\/wp\/v2\/product_cat?post=59"},{"taxonomy":"product_tag","embeddable":true,"href":"https:\/\/projetos.luazevedopro.com\/lojavirtual\/wp-json\/wp\/v2\/product_tag?post=59"}],"curies":[{"name":"wp","href":"https:\/\/api.w.org\/{rel}","templated":true}]}}