{"id":64,"date":"2020-12-29T17:49:22","date_gmt":"2020-12-29T20:49:22","guid":{"rendered":"http:\/\/projetos.luazevedopro.com\/lojavirtual\/?post_type=product&#038;p=64"},"modified":"2021-01-20T15:31:10","modified_gmt":"2021-01-20T18:31:10","slug":"relogio-apple-watch-serie-6-gps-40mm-space-gray","status":"publish","type":"product","link":"https:\/\/projetos.luazevedopro.com\/lojavirtual\/produto\/relogio-apple-watch-serie-6-gps-40mm-space-gray\/","title":{"rendered":"Rel\u00f3gio Apple Watch Serie 6 GPS 40MM Space Gray"},"content":{"rendered":"<h1>APPLE WATCH SERIES 6<\/h1>\n<h3>Pode acompanhar pulseira emborrachada ou de velcro conforme imagens<\/h3>\n<p>Com o novo sensor e app, o Apple Watch Series 6 mede o oxig\u00eanio no seu sangue sempre que voc\u00ea quiser.<\/p>\n<p>O sensor de oxig\u00eanio no sangue \u00e9 formado por quatro conjuntos de LED e quatro fotodiodos. Ele fica integrado \u00e0 parte de tr\u00e1s do rel\u00f3gio, feita de cristal e totalmente redesenhada, e trabalha em sintonia com o app Oxig\u00eanio no Sangue para determinar o n\u00edvel de oxigena\u00e7\u00e3o<\/p>\n<p>Os LEDs verdes, vermelhos e infravermelhos iluminam os vasos sangu\u00edneos do seu pulso, e os fotodiodos medem a quantidade de luz refletida. Com base nessa informa\u00e7\u00e3o, algoritmos avan\u00e7ados calculam a cor do sangue e indicam o volume de oxig\u00eanio presente.<\/p>\n<p>ECG No seu pulso. O Apple Watch Series 6 consegue gerar um eletrocardiograma de deriva\u00e7\u00e3o \u00fanica.<\/p>\n<p>Seu dedo diz muito sobre seu cora\u00e7\u00e3o. Integrados \u00e0 Digital Crown e \u00e0 parte de tr\u00e1s em cristal do rel\u00f3gio, os eletrodos trabalham com o app ECG para fazer a leitura dos impulsos el\u00e9tricos do seu cora\u00e7\u00e3o. Basta tocar na Digital Crown para gerar um eletrocardiograma em apenas 30 segundos. O app ECG pode mostrar se seu ritmo card\u00edaco tem ind\u00edcios de fibrila\u00e7\u00e3o atrial \u2014 um tipo de arritmia card\u00edaca grave \u2014 ou \u00e9 um ritmo sinusal, que \u00e9 quando os batimentos est\u00e3o normais.<\/p>\n<p>Para ter uma boa sa\u00fade, \u00e9 importante dormir a quantidade necess\u00e1ria de horas. O novo app Sono ajuda voc\u00ea a estabelecer uma rotina para dormir e a monitorar suas tend\u00eancias todas as noites.<\/p>\n<p>Conte com a for\u00e7a do conhecimento para se manter em forma. Encontre a motiva\u00e7\u00e3o para se mexer e acompanhe suas m\u00e9tricas de exerc\u00edcios com uma precis\u00e3o ainda maior<\/p>\n<p>Registre todos os movimentos do seu treino favorito, seja ele qual for: correr, nadar, fazer ioga, pedalar e muito mais.<\/p>\n<p>A tela Retina Sempre Ativa agora \u00e9 2,5 vezes mais brilhante ao ar livre quando o pulso est\u00e1 abaixado.<\/p>\n","protected":false},"excerpt":{"rendered":"<h1>Voc\u00ea sabia&#8230;<\/h1>\n<p>O nome <strong>Apple<\/strong> j\u00e1 sugere uma grande gama de produtos com o que h\u00e1 de melhor em inova\u00e7\u00e3o e design. Desde o\u00a0<em>smartphone<\/em>\u00a0iPhone at\u00e9 os computadores iMac e Macbook, a t\u00f4nica dos produtos da marca \u00e9 sempre alta tecnologia aliada a praticidade e performance. Isso tamb\u00e9m acontece com o <strong>Apple Watch<\/strong>, o rel\u00f3gio inteligente da Apple.<\/p>\n<p>A fabrica\u00e7\u00e3o de rel\u00f3gios inteligentes n\u00e3o eram, necessariamente, uma novidade. Mas, assim como fez com os telefones e computadores, a <strong>Apple<\/strong> levou esse <em>gadget<\/em>\u00a0a outro n\u00edvel. Agora, tudo o que voc\u00ea tem em seu\u00a0<em>smartphone<\/em>\u00a0pode estar tamb\u00e9m em um <strong>Apple Watch<\/strong>. Telefone, redes sociais, WhatsApp, calend\u00e1rio e at\u00e9 monitores da sua sa\u00fade. Tudo isso cabe no seu pulso!<\/p>\n","protected":false},"featured_media":502,"comment_status":"open","ping_status":"closed","template":"","meta":{"site-sidebar-layout":"default","site-content-layout":"default","ast-site-content-layout":"default","site-content-style":"default","site-sidebar-style":"default","ast-global-header-display":"","ast-banner-title-visibility":"","ast-main-header-display":"","ast-hfb-above-header-display":"","ast-hfb-below-header-display":"","ast-hfb-mobile-header-display":"","site-post-title":"","ast-breadcrumbs-content":"","ast-featured-img":"","footer-sml-layout":"","theme-transparent-header-meta":"default","adv-header-id-meta":"","stick-header-meta":"","header-above-stick-meta":"","header-main-stick-meta":"","header-below-stick-meta":"","astra-migrate-meta-layouts":"default","ast-page-background-enabled":"default","ast-page-background-meta":{"desktop":{"background-color":"","background-image":"","background-repeat":"repeat","background-position":"center center","background-size":"auto","background-attachment":"scroll","background-type":"","background-media":"","overlay-type":"","overlay-color":"","overlay-opacity":"","overlay-gradient":""},"tablet":{"background-color":"","background-image":"","background-repeat":"repeat","background-position":"center center","background-size":"auto","background-attachment":"scroll","background-type":"","background-media":"","overlay-type":"","overlay-color":"","overlay-opacity":"","overlay-gradient":""},"mobile":{"background-color":"","background-image":"","background-repeat":"repeat","background-position":"center center","background-size":"auto","background-attachment":"scroll","background-type":"","background-media":"","overlay-type":"","overlay-color":"","overlay-opacity":"","overlay-gradient":""}},"ast-content-background-meta":{"desktop":{"background-color":"var(--ast-global-color-5)","background-image":"","background-repeat":"repeat","background-position":"center center","background-size":"auto","background-attachment":"scroll","background-type":"","background-media":"","overlay-type":"","overlay-color":"","overlay-opacity":"","overlay-gradient":""},"tablet":{"background-color":"var(--ast-global-color-5)","background-image":"","background-repeat":"repeat","background-position":"center center","background-size":"auto","background-attachment":"scroll","background-type":"","background-media":"","overlay-type":"","overlay-color":"","overlay-opacity":"","overlay-gradient":""},"mobile":{"background-color":"var(--ast-global-color-5)","background-image":"","background-repeat":"repeat","background-position":"center center","background-size":"auto","background-attachment":"scroll","background-type":"","background-media":"","overlay-type":"","overlay-color":"","overlay-opacity":"","overlay-gradient":""}}},"product_brand":[],"product_cat":[15,22,25,17],"product_tag":[],"class_list":{"0":"post-64","1":"product","2":"type-product","3":"status-publish","4":"has-post-thumbnail","6":"product_cat-tecnet","7":"product_cat-acessorios","8":"product_cat-celulares","9":"product_cat-eletronicos","10":"desktop-align-left","11":"tablet-align-left","12":"mobile-align-left","14":"first","15":"instock","16":"sale","17":"shipping-taxable","18":"purchasable","19":"product-type-simple"},"publishpress_future_workflow_manual_trigger":{"enabledWorkflows":[]},"_links":{"self":[{"href":"https:\/\/projetos.luazevedopro.com\/lojavirtual\/wp-json\/wp\/v2\/product\/64","targetHints":{"allow":["GET"]}}],"collection":[{"href":"https:\/\/projetos.luazevedopro.com\/lojavirtual\/wp-json\/wp\/v2\/product"}],"about":[{"href":"https:\/\/projetos.luazevedopro.com\/lojavirtual\/wp-json\/wp\/v2\/types\/product"}],"replies":[{"embeddable":true,"href":"https:\/\/projetos.luazevedopro.com\/lojavirtual\/wp-json\/wp\/v2\/comments?post=64"}],"wp:featuredmedia":[{"embeddable":true,"href":"https:\/\/projetos.luazevedopro.com\/lojavirtual\/wp-json\/wp\/v2\/media\/502"}],"wp:attachment":[{"href":"https:\/\/projetos.luazevedopro.com\/lojavirtual\/wp-json\/wp\/v2\/media?parent=64"}],"wp:term":[{"taxonomy":"product_brand","embeddable":true,"href":"https:\/\/projetos.luazevedopro.com\/lojavirtual\/wp-json\/wp\/v2\/product_brand?post=64"},{"taxonomy":"product_cat","embeddable":true,"href":"https:\/\/projetos.luazevedopro.com\/lojavirtual\/wp-json\/wp\/v2\/product_cat?post=64"},{"taxonomy":"product_tag","embeddable":true,"href":"https:\/\/projetos.luazevedopro.com\/lojavirtual\/wp-json\/wp\/v2\/product_tag?post=64"}],"curies":[{"name":"wp","href":"https:\/\/api.w.org\/{rel}","templated":true}]}}